{"id":15,"date":"2024-11-17T13:29:14","date_gmt":"2024-11-17T12:29:14","guid":{"rendered":"https:\/\/www.pollygraphie.fr\/?page_id=15"},"modified":"2025-06-01T18:01:19","modified_gmt":"2025-06-01T16:01:19","slug":"accueil","status":"publish","type":"page","link":"https:\/\/www.pollygraphie.fr\/","title":{"rendered":"Accueil"},"content":{"rendered":"<style>.kb-row-layout-id15_8b124d-3e > .kt-row-column-wrap{align-content:center;}:where(.kb-row-layout-id15_8b124d-3e > .kt-row-column-wrap) > .wp-block-kadence-column{justify-content:center;}.kb-row-layout-id15_8b124d-3e > .kt-row-column-wrap{column-gap:var(--global-kb-gap-md, 2rem);row-gap:var(--global-kb-gap-md, 2rem);max-width:var( --global-content-width, 1290px );padding-left:var(--global-content-edge-padding);padding-right:var(--global-content-edge-padding);padding-top:var(--global-kb-spacing-5xl, 10rem);padding-bottom:var(--global-kb-spacing-5xl, 10rem);min-height:670px;grid-template-columns:minmax(0, calc(55% - ((var(--global-kb-gap-md, 2rem) * 1 )\/2)))minmax(0, calc(45% - ((var(--global-kb-gap-md, 2rem) * 1 )\/2)));}.kb-row-layout-id15_8b124d-3e{background-image:url('https:\/\/www.pollygraphie.fr\/wp-content\/uploads\/2025\/06\/22032025-A7300894v2-scaled.jpg');background-size:cover;background-position:49% 24%;background-attachment:scroll;background-repeat:no-repeat;}.kb-row-layout-id15_8b124d-3e > .kt-row-layout-overlay{opacity:1;background:linear-gradient(90deg,var(--global-palette9,#ffffff) 19%,rgba(0,0,0,0) 100%);}@media all and (max-width: 1024px){.kb-row-layout-id15_8b124d-3e > .kt-row-column-wrap{padding-top:var(--global-kb-spacing-3xl, 6.5rem);padding-bottom:var(--global-kb-spacing-3xl, 6.5rem);min-height:600px;grid-template-columns:minmax(0, 1fr);}}@media all and (max-width: 1024px){.kb-row-layout-id15_8b124d-3e > .kt-row-layout-overlay{opacity:0.90;background:linear-gradient(134deg,var(--global-palette9,#ffffff) 53%,rgba(255,255,255,0) 100%);}}@media all and (max-width: 767px){.kb-row-layout-id15_8b124d-3e > .kt-row-column-wrap{padding-top:var(--global-kb-spacing-lg, 3rem);padding-bottom:var(--global-kb-spacing-lg, 3rem);grid-template-columns:minmax(0, 1fr);}.kb-row-layout-id15_8b124d-3e > .kt-row-layout-overlay{opacity:1;background:var(--global-palette9, #ffffff);}}<\/style><div class=\"kb-row-layout-wrap kb-row-layout-id15_8b124d-3e alignfull kt-row-has-bg wp-block-kadence-rowlayout\"><div class=\"kt-row-layout-overlay kt-row-overlay-gradient\"><\/div><div class=\"kt-row-column-wrap kt-has-2-columns kt-row-layout-equal kt-tab-layout-row kt-mobile-layout-row kt-row-valign-middle kb-theme-content-width\">\n<style>.kadence-column15_14cd7c-76 > .kt-inside-inner-col,.kadence-column15_14cd7c-76 > .kt-inside-inner-col:before{border-top-left-radius:0px;border-top-right-radius:0px;border-bottom-right-radius:0px;border-bottom-left-radius:0px;}.kadence-column15_14cd7c-76 > .kt-inside-inner-col{column-gap:var(--global-kb-gap-sm, 1rem);}.kadence-column15_14cd7c-76 > .kt-inside-inner-col{flex-direction:column;}.kadence-column15_14cd7c-76 > .kt-inside-inner-col > .aligncenter{width:100%;}.kadence-column15_14cd7c-76 > .kt-inside-inner-col:before{opacity:0.3;}.kadence-column15_14cd7c-76{position:relative;}@media all and (max-width: 1024px){.kadence-column15_14cd7c-76 > .kt-inside-inner-col{flex-direction:column;justify-content:center;}}@media all and (max-width: 767px){.kadence-column15_14cd7c-76 > .kt-inside-inner-col{flex-direction:column;justify-content:center;}}<\/style>\n<div class=\"wp-block-kadence-column kadence-column15_14cd7c-76 inner-column-1\"><div class=\"kt-inside-inner-col\">\n<figure class=\"wp-block-image size-full is-resized\"><img loading=\"lazy\" decoding=\"async\" width=\"748\" height=\"548\" src=\"https:\/\/www.pollygraphie.fr\/wp-content\/uploads\/2025\/06\/LOGO-RVB-PANDA.png\" alt=\"\" class=\"wp-image-52\" style=\"aspect-ratio:1.5;object-fit:cover;width:173px;height:auto\" srcset=\"https:\/\/www.pollygraphie.fr\/wp-content\/uploads\/2025\/06\/LOGO-RVB-PANDA.png 748w, https:\/\/www.pollygraphie.fr\/wp-content\/uploads\/2025\/06\/LOGO-RVB-PANDA-300x220.png 300w\" sizes=\"auto, (max-width: 748px) 100vw, 748px\" \/><\/figure>\n\n\n<style>.wp-block-kadence-advancedheading.kt-adv-heading15_1e63b6-2f, .wp-block-kadence-advancedheading.kt-adv-heading15_1e63b6-2f[data-kb-block=\"kb-adv-heading15_1e63b6-2f\"]{margin-top:var(--global-kb-spacing-xs, 1rem);font-size:var(--global-kb-font-size-xxl, 4rem);line-height:1;font-weight:400;font-style:normal;font-family:'DM Serif Display';}.wp-block-kadence-advancedheading.kt-adv-heading15_1e63b6-2f mark.kt-highlight, .wp-block-kadence-advancedheading.kt-adv-heading15_1e63b6-2f[data-kb-block=\"kb-adv-heading15_1e63b6-2f\"] mark.kt-highlight{font-style:normal;color:#f76a0c;-webkit-box-decoration-break:clone;box-decoration-break:clone;padding-top:0px;padding-right:0px;padding-bottom:0px;padding-left:0px;}.wp-block-kadence-advancedheading.kt-adv-heading15_1e63b6-2f img.kb-inline-image, .wp-block-kadence-advancedheading.kt-adv-heading15_1e63b6-2f[data-kb-block=\"kb-adv-heading15_1e63b6-2f\"] img.kb-inline-image{width:150px;vertical-align:baseline;}<\/style>\n<h2 class=\"kt-adv-heading15_1e63b6-2f wp-block-kadence-advancedheading has-theme-palette-3-color has-text-color\" data-kb-block=\"kb-adv-heading15_1e63b6-2f\">Bienvenue,<br>Pollygraphie <br>se fait une beaut\u00e9.<\/h2>\n\n\n<style>.wp-block-kadence-advancedheading.kt-adv-heading15_b6e938-cb, .wp-block-kadence-advancedheading.kt-adv-heading15_b6e938-cb[data-kb-block=\"kb-adv-heading15_b6e938-cb\"]{padding-top:0px;padding-bottom:var(--global-kb-spacing-sm, 1.5rem);margin-top:0px;margin-bottom:0px;font-style:normal;font-family:var( --global-body-font-family, inherit );}.wp-block-kadence-advancedheading.kt-adv-heading15_b6e938-cb mark.kt-highlight, .wp-block-kadence-advancedheading.kt-adv-heading15_b6e938-cb[data-kb-block=\"kb-adv-heading15_b6e938-cb\"] mark.kt-highlight{font-style:normal;color:#f76a0c;-webkit-box-decoration-break:clone;box-decoration-break:clone;padding-top:0px;padding-right:0px;padding-bottom:0px;padding-left:0px;}.wp-block-kadence-advancedheading.kt-adv-heading15_b6e938-cb img.kb-inline-image, .wp-block-kadence-advancedheading.kt-adv-heading15_b6e938-cb[data-kb-block=\"kb-adv-heading15_b6e938-cb\"] img.kb-inline-image{width:150px;vertical-align:baseline;}<\/style>\n<p class=\"kt-adv-heading15_b6e938-cb wp-block-kadence-advancedheading has-theme-palette-4-color has-text-color\" data-kb-block=\"kb-adv-heading15_b6e938-cb\">Retrouvez tr\u00e8s bient\u00f4t mes diff\u00e9rents accompagnements :<br>Cr\u00e9ation de site web &amp; personal branding.<br>Photographie et photo-th\u00e9rapie \u00e0 Lyon.<\/p>\n\n\n<style>.wp-block-kadence-advancedheading.kt-adv-heading15_13c125-88, .wp-block-kadence-advancedheading.kt-adv-heading15_13c125-88[data-kb-block=\"kb-adv-heading15_13c125-88\"]{padding-top:0px;padding-bottom:var(--global-kb-spacing-sm, 1.5rem);margin-top:0px;margin-bottom:0px;font-style:normal;font-family:var( --global-body-font-family, inherit );}.wp-block-kadence-advancedheading.kt-adv-heading15_13c125-88 mark.kt-highlight, .wp-block-kadence-advancedheading.kt-adv-heading15_13c125-88[data-kb-block=\"kb-adv-heading15_13c125-88\"] mark.kt-highlight{font-style:normal;color:#f76a0c;-webkit-box-decoration-break:clone;box-decoration-break:clone;padding-top:0px;padding-right:0px;padding-bottom:0px;padding-left:0px;}.wp-block-kadence-advancedheading.kt-adv-heading15_13c125-88 img.kb-inline-image, .wp-block-kadence-advancedheading.kt-adv-heading15_13c125-88[data-kb-block=\"kb-adv-heading15_13c125-88\"] img.kb-inline-image{width:150px;vertical-align:baseline;}<\/style>\n<p class=\"kt-adv-heading15_13c125-88 wp-block-kadence-advancedheading has-theme-palette-4-color has-text-color\" data-kb-block=\"kb-adv-heading15_13c125-88\">Pour \u00e9changer avec moi au sujet d&rsquo;un futur projet photo ou web, <br>n&rsquo;h\u00e9sitez pas \u00e0 me contacter \u00e0 l&rsquo;adresse suivante :<\/p>\n\n\n<style>.wp-block-kadence-advancedbtn.kb-btns15_91635b-91{gap:var(--global-kb-gap-xs, 0.5rem );justify-content:flex-start;align-items:center;}.kt-btns15_91635b-91 .kt-button{font-weight:normal;font-style:normal;}<\/style>\n<div class=\"wp-block-kadence-advancedbtn kb-buttons-wrap kb-btns15_91635b-91\"><style>ul.menu .wp-block-kadence-advancedbtn .kb-btn15_c1ac5d-80.kb-button{width:initial;}<\/style><a class=\"kb-button kt-button button kb-btn15_c1ac5d-80 kt-btn-size-standard kt-btn-width-type-auto kb-btn-global-inherit  kt-btn-has-text-true kt-btn-has-svg-true  wp-block-button__link wp-block-kadence-singlebtn\" href=\"mailto:contact@pollygraphie.fr\"><span class=\"kb-svg-icon-wrap kb-svg-icon-fe_mail kt-btn-icon-side-left\"><svg viewBox=\"0 0 24 24\"  fill=\"none\" stroke=\"currentColor\" stroke-width=\"2\" stroke-linecap=\"round\" stroke-linejoin=\"round\" xmlns=\"http:\/\/www.w3.org\/2000\/svg\"  aria-hidden=\"true\"><path d=\"M4 4h16c1.1 0 2 .9 2 2v12c0 1.1-.9 2-2 2H4c-1.1 0-2-.9-2-2V6c0-1.1.9-2 2-2z\"\/><polyline points=\"22,6 12,13 2,6\"\/><\/svg><\/span><span class=\"kt-btn-inner-text\">contact@pollygraphie.fr<\/span><\/a><\/div>\n<\/div><\/div>\n\n\n<style>.kadence-column15_e56d39-9e > .kt-inside-inner-col,.kadence-column15_e56d39-9e > .kt-inside-inner-col:before{border-top-left-radius:0px;border-top-right-radius:0px;border-bottom-right-radius:0px;border-bottom-left-radius:0px;}.kadence-column15_e56d39-9e > .kt-inside-inner-col{column-gap:var(--global-kb-gap-sm, 1rem);}.kadence-column15_e56d39-9e > .kt-inside-inner-col{flex-direction:column;}.kadence-column15_e56d39-9e > .kt-inside-inner-col > .aligncenter{width:100%;}.kadence-column15_e56d39-9e > .kt-inside-inner-col:before{opacity:0.3;}.kadence-column15_e56d39-9e{position:relative;}@media all and (max-width: 1024px){.kadence-column15_e56d39-9e > .kt-inside-inner-col{flex-direction:column;justify-content:center;}}@media all and (max-width: 767px){.kadence-column15_e56d39-9e > .kt-inside-inner-col{flex-direction:column;justify-content:center;}}<\/style>\n<div class=\"wp-block-kadence-column kadence-column15_e56d39-9e kvs-md-false kvs-sm-false inner-column-2\"><div class=\"kt-inside-inner-col\"><\/div><\/div>\n\n<\/div><\/div>","protected":false},"excerpt":{"rendered":"<p>Bienvenue,Pollygraphie se fait une beaut\u00e9. Retrouvez tr\u00e8s bient\u00f4t mes diff\u00e9rents accompagnements :Cr\u00e9ation de site web &amp; personal branding.Photographie et photo-th\u00e9rapie \u00e0 Lyon. Pour \u00e9changer avec moi au sujet d&rsquo;un futur projet photo ou web, n&rsquo;h\u00e9sitez pas \u00e0 me contacter \u00e0 l&rsquo;adresse suivante :<\/p>\n","protected":false},"author":1,"featured_media":0,"parent":0,"menu_order":0,"comment_status":"closed","ping_status":"closed","template":"","meta":{"_kad_blocks_custom_css":"","_kad_blocks_head_custom_js":"","_kad_blocks_body_custom_js":"","_kad_blocks_footer_custom_js":"","_kad_post_transparent":"enable","_kad_post_title":"hide","_kad_post_layout":"fullwidth","_kad_post_sidebar_id":"","_kad_post_content_style":"unboxed","_kad_post_vertical_padding":"","_kad_post_feature":"","_kad_post_feature_position":"","_kad_post_header":true,"_kad_post_footer":true,"footnotes":""},"class_list":["post-15","page","type-page","status-publish","hentry"],"taxonomy_info":[],"featured_image_src_large":false,"author_info":{"display_name":"pollygraphie","author_link":"https:\/\/www.pollygraphie.fr\/?author=1"},"comment_info":0,"_links":{"self":[{"href":"https:\/\/www.pollygraphie.fr\/index.php?rest_route=\/wp\/v2\/pages\/15","targetHints":{"allow":["GET"]}}],"collection":[{"href":"https:\/\/www.pollygraphie.fr\/index.php?rest_route=\/wp\/v2\/pages"}],"about":[{"href":"https:\/\/www.pollygraphie.fr\/index.php?rest_route=\/wp\/v2\/types\/page"}],"author":[{"embeddable":true,"href":"https:\/\/www.pollygraphie.fr\/index.php?rest_route=\/wp\/v2\/users\/1"}],"replies":[{"embeddable":true,"href":"https:\/\/www.pollygraphie.fr\/index.php?rest_route=%2Fwp%2Fv2%2Fcomments&post=15"}],"version-history":[{"count":17,"href":"https:\/\/www.pollygraphie.fr\/index.php?rest_route=\/wp\/v2\/pages\/15\/revisions"}],"predecessor-version":[{"id":67,"href":"https:\/\/www.pollygraphie.fr\/index.php?rest_route=\/wp\/v2\/pages\/15\/revisions\/67"}],"wp:attachment":[{"href":"https:\/\/www.pollygraphie.fr\/index.php?rest_route=%2Fwp%2Fv2%2Fmedia&parent=15"}],"curies":[{"name":"wp","href":"https:\/\/api.w.org\/{rel}","templated":true}]}}